{"id":152,"date":"2015-07-10T18:44:22","date_gmt":"2015-07-10T18:44:22","guid":{"rendered":"http:\/\/www.minnetonkacanarias.es\/?page_id=152"},"modified":"2025-09-09T09:31:30","modified_gmt":"2025-09-09T09:31:30","slug":"contacto","status":"publish","type":"page","link":"https:\/\/www.minnetonkacanarias.es\/es\/contacto\/","title":{"rendered":"Contacto"},"content":{"rendered":"<section class=\"wpb-content-wrapper\"><p>[vc_row][vc_column width=\u00bb1\/3&#8243;][vc_column_text]<strong>Estimado cliente\/visitante<\/strong><\/p>\n<p><span style=\"line-height: 1.5;\">Por favor haga su pedido por correo electr\u00f3nico indicando sus datos y <\/span><span style=\"line-height: 1.5;\"> la direcci\u00f3n de env\u00edo de su pedido.<\/span><\/p>\n<p><span style=\"line-height: 1.5;\">Una vez recibido su \u00a0correo, le enviaremos el importe que deber\u00e1 abonar por transferencia bancaria a la cuenta que le indicaremos y una vez recibido el importe le ser\u00e1 enviado por correo certificado.<\/span><br \/>\n[\/vc_column_text]<a class=\"btn btn-primary btn-lg\" href=\"mailto:navajogallery@gmx.net?subject=Contacto desde Web Minnetonka Canarias\"><i class=\"icon-mail\"><\/i> Enviar Email<\/a>[vc_column_text]Si el bot\u00f3n no funciona, simplemente env\u00ede un correo electr\u00f3nico a<\/p>\n<p><span style=\"color: #c8102e;\"><a style=\"color: #c8102e; text-decoration: none;\" href=\"mailto:navajogallery@gmx.net\">navajogallery@<\/a><a style=\"color: #c8102e; text-decoration: none;\" href=\"mailto:navajogallery@orange.es\">gmx.net<\/a><\/span>[\/vc_column_text][\/vc_column][vc_column width=\u00bb2\/3&#8243;][\/vc_column][vc_column width=\u00bb2\/3&#8243;][vc_column_text]<span style=\"color: #c8102e;\"><strong>Navajo Gallery<\/strong><\/span><\/p>\n<div style=\"float: left;\"><span style=\"color: #c8102e;\"><i class=\"icon-location\"><\/i> <\/span><\/div>\n<div style=\"margin-left: 20px;\"><span style=\"color: #c8102e;\">Calle La Hoya 42a<\/span><br \/>\n<span style=\"color: #c8102e;\"> 38400 Puerto de la Cruz<\/span><br \/>\n<span style=\"color: #c8102e;\"> Tenerife-Spain<\/span><\/div>\n<p><span style=\"color: #c8102e;\"><i class=\"icon-phone\"><\/i>  <a href=\"tel:+34654690935\">+34 654 690 935<\/a> (Whatsapp)<\/span><br \/>\n<span style=\"color: #c8102e;\"> <i class=\"icon-mail-alt\"><\/i>  <a style=\"color: #c8102e; text-decoration: none;\" href=\"mailto:navajogallery@orange.es\">navajogallery@<\/a><a style=\"color: #c8102e; text-decoration: none;\" href=\"mailto:navajogallery@orange.es\">gmx.net<\/a><\/span><br \/>\n<span style=\"color: #c8102e;\"> <i class=\"icon-clock\"><\/i>  Lunes a S\u00e1bado 10:30 a 13:00<\/span>[\/vc_column_text][vc_gmaps link=\u00bb#E-8_JTNDaWZyYW1lJTIwc3JjJTNEJTIyaHR0cHMlM0ElMkYlMkZ3d3cuZ29vZ2xlLmNvbSUyRm1hcHMlMkZlbWJlZCUzRnBiJTNEJTIxMW0xOCUyMTFtMTIlMjExbTMlMjExZDM1MDkuMDc3NzkwNzA4OTA2NCUyMTJkLTE2LjU0NTg0MDY5OTk5OTk2JTIxM2QyOC40MTY5MDk0OTk5OTk5OTYlMjEybTMlMjExZjAlMjEyZjAlMjEzZjAlMjEzbTIlMjExaTEwMjQlMjEyaTc2OCUyMTRmMTMuMSUyMTNtMyUyMTFtMiUyMTFzMHhjNmE3ZjhkNjgwZmRlNjclMjUzQTB4Y2IyNTdjOGQzYTEzNjZlYyUyMTJzTmF2YWpvJTJCR2FsbGVyeSUyMTVlMCUyMTNtMiUyMTFzZXMlMjEyc2VzJTIxNHYxNDM2Njk5MDI2ODA1JTIyJTIwd2lkdGglM0QlMjI2MDAlMjIlMjBoZWlnaHQlM0QlMjI0NTAlMjIlMjBmcmFtZWJvcmRlciUzRCUyMjAlMjIlMjBzdHlsZSUzRCUyMmJvcmRlciUzQTAlMjIlMjBhbGxvd2Z1bGxzY3JlZW4lM0UlM0MlMkZpZnJhbWUlM0U=\u00bb][\/vc_column][\/vc_row][vc_row][vc_column]<div  class=\"adev-gap\" style=\"height:50px;line-height:50px;\"><\/div>[\/vc_column][\/vc_row]<\/p>\n<\/section>","protected":false},"excerpt":{"rendered":"<p>[vc_row][vc_column width=\u00bb1\/3&#8243;][vc_column_text]Estimado cliente\/visitante Por favor haga su pedido por correo electr\u00f3nico indicando sus datos y la direcci\u00f3n de env\u00edo de su pedido. Una vez recibido su \u00a0correo, le enviaremos el importe que deber\u00e1 abonar por transferencia bancaria a la cuenta que le indicaremos y una vez recibido el importe le ser\u00e1 enviado por correo certificado. [\/vc_column_text][vc_column_text]Si el bot\u00f3n no funciona, [&hellip;]<\/p>\n","protected":false},"author":2,"featured_media":0,"parent":0,"menu_order":5,"comment_status":"open","ping_status":"closed","template":"page-templates\/full-width.php","meta":{"footnotes":""},"class_list":["post-152","page","type-page","status-publish","hentry"],"_links":{"self":[{"href":"https:\/\/www.minnetonkacanarias.es\/es\/wp-json\/wp\/v2\/pages\/152","targetHints":{"allow":["GET"]}}],"collection":[{"href":"https:\/\/www.minnetonkacanarias.es\/es\/wp-json\/wp\/v2\/pages"}],"about":[{"href":"https:\/\/www.minnetonkacanarias.es\/es\/wp-json\/wp\/v2\/types\/page"}],"author":[{"embeddable":true,"href":"https:\/\/www.minnetonkacanarias.es\/es\/wp-json\/wp\/v2\/users\/2"}],"replies":[{"embeddable":true,"href":"https:\/\/www.minnetonkacanarias.es\/es\/wp-json\/wp\/v2\/comments?post=152"}],"version-history":[{"count":18,"href":"https:\/\/www.minnetonkacanarias.es\/es\/wp-json\/wp\/v2\/pages\/152\/revisions"}],"predecessor-version":[{"id":5109,"href":"https:\/\/www.minnetonkacanarias.es\/es\/wp-json\/wp\/v2\/pages\/152\/revisions\/5109"}],"wp:attachment":[{"href":"https:\/\/www.minnetonkacanarias.es\/es\/wp-json\/wp\/v2\/media?parent=152"}],"curies":[{"name":"wp","href":"https:\/\/api.w.org\/{rel}","templated":true}]}}