{"id":104,"date":"2015-07-10T18:44:22","date_gmt":"2015-07-10T18:44:22","guid":{"rendered":"http:\/\/www.minnetonkacanarias.es\/?page_id=104"},"modified":"2025-09-09T09:38:24","modified_gmt":"2025-09-09T09:38:24","slug":"kontakt","status":"publish","type":"page","link":"https:\/\/www.minnetonkacanarias.es\/de\/kontakt\/","title":{"rendered":"Kontakt"},"content":{"rendered":"<section class=\"wpb-content-wrapper\"><p>[vc_row][vc_column width=&#8220;1\/3&#8243;][vc_column_text]<strong><span class=\"xr_s11\"><span class=\"xr_tl\">Sehr verehter Kunde\/Besucher<\/span><\/span><\/strong><\/p>\n<p>Bitte senden Sie uns per E-Mail Ihre W\u00fcnsche (Model, Anzahl, Gr\u00f6\u00dfe etc.) und Ihre Lieferanschrift.<\/p>\n<p>Wir teilen Ihnen dann mit, welchen Betrag Sie auf unser deutsches oder spanisches Konto \u00fcberweisen. Die Ware wird innerhalb 2 Werktagen nach Geldeingang von uns per Einschreiben in den Versand gegeben.<br \/>\n[\/vc_column_text]<a class=\"btn btn-primary btn-lg\" href=\"mailto:navajogallery@gmx.net?subject=Kontakt von Minnetonka Canarias Webseite\"><i class=\"icon-mail\"><\/i> E-Mail senden<\/a>[vc_column_text]Sollte der Button nicht funktionieren, senden Sie uns einfach eine E-Mail an<\/p>\n<p><span style=\"color: #c8102e;\"><a style=\"color: #c8102e; text-decoration: none;\" href=\"mailto:navajogallery@gmx.net\">navajogallery@gmx.net<\/a><\/span>[\/vc_column_text][\/vc_column][vc_column width=&#8220;2\/3&#8243;][\/vc_column][vc_column width=&#8220;2\/3&#8243;][vc_column_text]<span style=\"color: #c8102e;\"><strong>Navajo Gallery<\/strong><\/span><\/p>\n<div style=\"float: left;\"><span style=\"color: #c8102e;\"><i class=\"icon-location\"><\/i> <\/span><\/div>\n<div style=\"margin-left: 20px;\"><span style=\"color: #c8102e;\">Calle La Hoya 42a<\/span><br \/>\n<span style=\"color: #c8102e;\"> 38400 Puerto de la Cruz<\/span><br \/>\n<span style=\"color: #c8102e;\"> Teneriffa (Spanien)<\/span><\/div>\n<p><span style=\"color: #c8102e;\"><i class=\"icon-phone\"><\/i>  <a href=\"tel:+34654690935\">+34 654 690 935<\/a> (Whatsapp)<\/span><br \/>\n<span style=\"color: #c8102e;\"> <i class=\"icon-mail-alt\"><\/i>  <a style=\"color: #c8102e; text-decoration: none;\" href=\"mailto:navajogallery@orange.es\">navajogallery@<\/a><a style=\"color: #c8102e; text-decoration: none;\" href=\"mailto:navajogallery@orange.es\">gmx.net<\/a><\/span><br \/>\n<span style=\"color: #c8102e;\"> <i class=\"icon-clock\"><\/i>  Montag bis Samstag: 10:30 &#8211; 13:00 Uhr<\/span>[\/vc_column_text][vc_gmaps link=&#8220;#E-8_JTNDaWZyYW1lJTIwc3JjJTNEJTIyaHR0cHMlM0ElMkYlMkZ3d3cuZ29vZ2xlLmNvbSUyRm1hcHMlMkZlbWJlZCUzRnBiJTNEJTIxMW0xOCUyMTFtMTIlMjExbTMlMjExZDM1MDkuMDc3NzkwNzA4OTA2NCUyMTJkLTE2LjU0NTg0MDY5OTk5OTk2JTIxM2QyOC40MTY5MDk0OTk5OTk5OTYlMjEybTMlMjExZjAlMjEyZjAlMjEzZjAlMjEzbTIlMjExaTEwMjQlMjEyaTc2OCUyMTRmMTMuMSUyMTNtMyUyMTFtMiUyMTFzMHhjNmE3ZjhkNjgwZmRlNjclMjUzQTB4Y2IyNTdjOGQzYTEzNjZlYyUyMTJzTmF2YWpvJTJCR2FsbGVyeSUyMTVlMCUyMTNtMiUyMTFzZXMlMjEyc2VzJTIxNHYxNDM2Njk5MDI2ODA1JTIyJTIwd2lkdGglM0QlMjI2MDAlMjIlMjBoZWlnaHQlM0QlMjI0NTAlMjIlMjBmcmFtZWJvcmRlciUzRCUyMjAlMjIlMjBzdHlsZSUzRCUyMmJvcmRlciUzQTAlMjIlMjBhbGxvd2Z1bGxzY3JlZW4lM0UlM0MlMkZpZnJhbWUlM0U=&#8220;][\/vc_column][\/vc_row][vc_row][vc_column]<div  class=\"adev-gap\" style=\"height:50px;line-height:50px;\"><\/div>[\/vc_column][\/vc_row]<\/p>\n<\/section>","protected":false},"excerpt":{"rendered":"<p>[vc_row][vc_column width=&#8220;1\/3&#8243;][vc_column_text]Sehr verehter Kunde\/Besucher Bitte senden Sie uns per E-Mail Ihre W\u00fcnsche (Model, Anzahl, Gr\u00f6\u00dfe etc.) und Ihre Lieferanschrift. Wir teilen Ihnen dann mit, welchen Betrag Sie auf unser deutsches oder spanisches Konto \u00fcberweisen. Die Ware wird innerhalb 2 Werktagen nach Geldeingang von uns per Einschreiben in den Versand gegeben. [\/vc_column_text][vc_column_text]Sollte der Button nicht funktionieren, senden Sie uns einfach eine [&hellip;]<\/p>\n","protected":false},"author":2,"featured_media":0,"parent":0,"menu_order":5,"comment_status":"open","ping_status":"closed","template":"page-templates\/full-width.php","meta":{"footnotes":""},"class_list":["post-104","page","type-page","status-publish","hentry"],"_links":{"self":[{"href":"https:\/\/www.minnetonkacanarias.es\/de\/wp-json\/wp\/v2\/pages\/104","targetHints":{"allow":["GET"]}}],"collection":[{"href":"https:\/\/www.minnetonkacanarias.es\/de\/wp-json\/wp\/v2\/pages"}],"about":[{"href":"https:\/\/www.minnetonkacanarias.es\/de\/wp-json\/wp\/v2\/types\/page"}],"author":[{"embeddable":true,"href":"https:\/\/www.minnetonkacanarias.es\/de\/wp-json\/wp\/v2\/users\/2"}],"replies":[{"embeddable":true,"href":"https:\/\/www.minnetonkacanarias.es\/de\/wp-json\/wp\/v2\/comments?post=104"}],"version-history":[{"count":21,"href":"https:\/\/www.minnetonkacanarias.es\/de\/wp-json\/wp\/v2\/pages\/104\/revisions"}],"predecessor-version":[{"id":5112,"href":"https:\/\/www.minnetonkacanarias.es\/de\/wp-json\/wp\/v2\/pages\/104\/revisions\/5112"}],"wp:attachment":[{"href":"https:\/\/www.minnetonkacanarias.es\/de\/wp-json\/wp\/v2\/media?parent=104"}],"curies":[{"name":"wp","href":"https:\/\/api.w.org\/{rel}","templated":true}]}}